{"id":3487,"date":"2024-11-06T14:42:12","date_gmt":"2024-11-06T14:42:12","guid":{"rendered":"https:\/\/northseafood.com\/conditions-generales\/"},"modified":"2025-05-16T06:59:46","modified_gmt":"2025-05-16T06:59:46","slug":"conditions-generales","status":"publish","type":"page","link":"https:\/\/northseafood.com\/fr\/conditions-generales\/","title":{"rendered":"Conditions G\u00e9n\u00e9rales"},"content":{"rendered":"<style>.elementor-3487 .elementor-element.elementor-element-8a7f874 > .elementor-container{max-width:1396px;min-height:300px;}.elementor-3487 .elementor-element.elementor-element-8a7f874:not(.elementor-motion-effects-element-type-background), .elementor-3487 .elementor-element.elementor-element-8a7f874 > .elementor-motion-effects-container > .elementor-motion-effects-layer{background-image:url(\"https:\/\/northseafood.com\/wp-content\/uploads\/2025\/02\/NSF5.jpg\");background-position:center left;background-repeat:no-repeat;background-size:cover;}.elementor-3487 .elementor-element.elementor-element-8a7f874 > .elementor-background-overlay{background-color:transparent;background-image:linear-gradient(180deg, #001397 19%, #00000000 70%);opacity:0.33;transition:background 0.3s, border-radius 0.3s, opacity 0.3s;}.elementor-3487 .elementor-element.elementor-element-8a7f874{transition:background 0.3s, border 0.3s, border-radius 0.3s, box-shadow 0.3s;margin-top:-110px;margin-bottom:0px;padding:180px 0px 30px 0px;z-index:0;}.elementor-3487 .elementor-element.elementor-element-e1a3cdc > .elementor-widget-wrap > .elementor-widget:not(.elementor-widget__width-auto):not(.elementor-widget__width-initial):not(:last-child):not(.elementor-absolute){margin-block-end:20px;}.elementor-3487 .elementor-element.elementor-element-e1a3cdc > .elementor-element-populated{transition:background 0.3s, border 0.3s, border-radius 0.3s, box-shadow 0.3s;margin:0px 0px 0px 0px;--e-column-margin-right:0px;--e-column-margin-left:0px;padding:0px 0px 0px 0px;}.elementor-3487 .elementor-element.elementor-element-e1a3cdc > .elementor-element-populated > .elementor-background-overlay{transition:background 0.3s, border-radius 0.3s, opacity 0.3s;}.elementor-3487 .elementor-element.elementor-element-beb03fa{text-align:center;z-index:1;}.elementor-3487 .elementor-element.elementor-element-beb03fa .elementor-heading-title{font-family:\"Oswald\", Sans-serif;font-size:100px;font-weight:600;line-height:1em;text-shadow:0px 0px 13px rgba(0, 0, 0, 0.48);color:var( --e-global-color-primary );}.elementor-3487 .elementor-element.elementor-element-beb03fa > .elementor-widget-container{margin:0px 0px 0px 0px;padding:0px 0px 0px 0px;}.elementor-3487 .elementor-element.elementor-element-d30c07f{--display:flex;--min-height:0px;--flex-direction:column;--container-widget-width:100%;--container-widget-height:initial;--container-widget-flex-grow:0;--container-widget-align-self:initial;--flex-wrap-mobile:wrap;--justify-content:center;--overlay-opacity:0.6;--padding-top:80px;--padding-bottom:80px;--padding-left:0px;--padding-right:0px;}.elementor-3487 .elementor-element.elementor-element-d30c07f:not(.elementor-motion-effects-element-type-background), .elementor-3487 .elementor-element.elementor-element-d30c07f > .elementor-motion-effects-container > .elementor-motion-effects-layer{background-image:url(\"https:\/\/northseafood.com\/wp-content\/uploads\/2024\/09\/Foto-NSF-aangepast-klein.jpg\");background-position:-737px -665px;}.elementor-3487 .elementor-element.elementor-element-d30c07f::before, .elementor-3487 .elementor-element.elementor-element-d30c07f > .elementor-background-video-container::before, .elementor-3487 .elementor-element.elementor-element-d30c07f > .e-con-inner > .elementor-background-video-container::before, .elementor-3487 .elementor-element.elementor-element-d30c07f > .elementor-background-slideshow::before, .elementor-3487 .elementor-element.elementor-element-d30c07f > .e-con-inner > .elementor-background-slideshow::before, .elementor-3487 .elementor-element.elementor-element-d30c07f > .elementor-motion-effects-container > .elementor-motion-effects-layer::before{--background-overlay:'';background-color:#12223B;}.elementor-3487 .elementor-element.elementor-element-de54854{--display:flex;--justify-content:center;--align-items:center;--container-widget-width:calc( ( 1 - var( --container-widget-flex-grow ) ) * 100% );}.elementor-3487 .elementor-element.elementor-element-de54854.e-con{--align-self:center;}.elementor-3487 .elementor-element.elementor-element-60c4eed{text-align:center;font-size:17px;}:root{--page-title-display:none;}@media(min-width:768px){.elementor-3487 .elementor-element.elementor-element-e1a3cdc{width:100%;}.elementor-3487 .elementor-element.elementor-element-de54854{--width:80%;}}@media(max-width:1024px){.elementor-3487 .elementor-element.elementor-element-8a7f874 > .elementor-container{min-height:0px;}.elementor-3487 .elementor-element.elementor-element-8a7f874:not(.elementor-motion-effects-element-type-background), .elementor-3487 .elementor-element.elementor-element-8a7f874 > .elementor-motion-effects-container > .elementor-motion-effects-layer{background-position:center center;}.elementor-3487 .elementor-element.elementor-element-8a7f874{margin-top:0px;margin-bottom:0px;padding:230px 0px 230px 0px;}.elementor-3487 .elementor-element.elementor-element-beb03fa .elementor-heading-title{font-size:65px;}.elementor-3487 .elementor-element.elementor-element-d30c07f:not(.elementor-motion-effects-element-type-background), .elementor-3487 .elementor-element.elementor-element-d30c07f > .elementor-motion-effects-container > .elementor-motion-effects-layer{background-position:0px 0px;}}@media(max-width:767px){.elementor-3487 .elementor-element.elementor-element-8a7f874 > .elementor-container{min-height:0px;}.elementor-3487 .elementor-element.elementor-element-8a7f874{margin-top:0px;margin-bottom:0px;padding:200px 10px 200px 10px;}.elementor-3487 .elementor-element.elementor-element-beb03fa .elementor-heading-title{font-size:52px;}.elementor-3487 .elementor-element.elementor-element-d30c07f:not(.elementor-motion-effects-element-type-background), .elementor-3487 .elementor-element.elementor-element-d30c07f > .elementor-motion-effects-container > .elementor-motion-effects-layer{background-position:0px 0px;}}<\/style>\t\t<div data-elementor-type=\"wp-page\" data-elementor-id=\"3487\" class=\"elementor elementor-3487 elementor-930\" data-elementor-post-type=\"page\">\n\t\t\t\t\t\t<section class=\"elementor-section elementor-top-section elementor-element elementor-element-8a7f874 elementor-section-height-min-height elementor-section-items-top elementor-section-boxed elementor-section-height-default\" data-id=\"8a7f874\" data-element_type=\"section\" data-e-type=\"section\" data-settings=\"{&quot;background_background&quot;:&quot;classic&quot;}\">\n\t\t\t\t\t\t\t<div class=\"elementor-background-overlay\"><\/div>\n\t\t\t\t\t\t\t<div class=\"elementor-container elementor-column-gap-no\">\n\t\t\t\t\t<div class=\"elementor-column elementor-col-100 elementor-top-column elementor-element elementor-element-e1a3cdc\" data-id=\"e1a3cdc\" data-element_type=\"column\" data-e-type=\"column\" data-settings=\"{&quot;background_background&quot;:&quot;classic&quot;}\">\n\t\t\t<div class=\"elementor-widget-wrap elementor-element-populated\">\n\t\t\t\t\t\t<div class=\"elementor-element elementor-element-beb03fa animated-slow elementor-invisible elementor-widget elementor-widget-heading\" data-id=\"beb03fa\" data-element_type=\"widget\" data-e-type=\"widget\" data-settings=\"{&quot;_animation&quot;:&quot;fadeInLeft&quot;}\" data-widget_type=\"heading.default\">\n\t\t\t\t<div class=\"elementor-widget-container\">\n\t\t\t\t\t<h1 class=\"elementor-heading-title elementor-size-default\">CONDITIONS G\u00c9N\u00c9RALES<\/h1>\t\t\t\t<\/div>\n\t\t\t\t<\/div>\n\t\t\t\t\t<\/div>\n\t\t<\/div>\n\t\t\t\t\t<\/div>\n\t\t<\/section>\n\t\t<div class=\"elementor-element elementor-element-d30c07f e-flex e-con-boxed e-con e-parent\" data-id=\"d30c07f\" data-element_type=\"container\" data-e-type=\"container\" data-settings=\"{&quot;background_background&quot;:&quot;classic&quot;}\">\n\t\t\t\t\t<div class=\"e-con-inner\">\n\t\t<div class=\"elementor-element elementor-element-de54854 e-con-full e-flex e-con e-child\" data-id=\"de54854\" data-element_type=\"container\" data-e-type=\"container\">\n\t\t\t\t<div class=\"elementor-element elementor-element-60c4eed elementor-widget elementor-widget-text-editor\" data-id=\"60c4eed\" data-element_type=\"widget\" data-e-type=\"widget\" data-widget_type=\"text-editor.default\">\n\t\t\t\t<div class=\"elementor-widget-container\">\n\t\t\t\t\t\t\t\t\t<p>texte<\/p>\n\t\t\t\t\t\t\t\t<\/div>\n\t\t\t\t<\/div>\n\t\t\t\t<\/div>\n\t\t\t\t\t<\/div>\n\t\t\t\t<\/div>\n\t\t\t\t<\/div>\n\t\t","protected":false},"excerpt":{"rendered":"<p>CONDITIONS G\u00c9N\u00c9RALES texte<\/p>\n","protected":false},"author":1,"featured_media":0,"parent":0,"menu_order":0,"comment_status":"closed","ping_status":"closed","template":"","meta":{"footnotes":""},"class_list":["post-3487","page","type-page","status-publish","hentry"],"yoast_head":"<!-- This site is optimized with the Yoast SEO plugin v27.0 - https:\/\/yoast.com\/product\/yoast-seo-wordpress\/ -->\n<title>Conditions G\u00e9n\u00e9rales - North Seafood<\/title>\n<meta name=\"robots\" content=\"index, follow, max-snippet:-1, max-image-preview:large, max-video-preview:-1\" \/>\n<link rel=\"canonical\" href=\"https:\/\/northseafood.com\/fr\/conditions-generales\/\" \/>\n<meta property=\"og:locale\" content=\"fr_FR\" \/>\n<meta property=\"og:type\" content=\"article\" \/>\n<meta property=\"og:title\" content=\"Conditions G\u00e9n\u00e9rales - North Seafood\" \/>\n<meta property=\"og:description\" content=\"CONDITIONS G\u00c9N\u00c9RALES texte\" \/>\n<meta property=\"og:url\" content=\"https:\/\/northseafood.com\/fr\/conditions-generales\/\" \/>\n<meta property=\"og:site_name\" content=\"North Seafood\" \/>\n<meta property=\"article:modified_time\" content=\"2025-05-16T06:59:46+00:00\" \/>\n<meta name=\"twitter:card\" content=\"summary_large_image\" \/>\n<script type=\"application\/ld+json\" class=\"yoast-schema-graph\">{\"@context\":\"https:\/\/schema.org\",\"@graph\":[{\"@type\":\"WebPage\",\"@id\":\"https:\/\/northseafood.com\/fr\/conditions-generales\/\",\"url\":\"https:\/\/northseafood.com\/fr\/conditions-generales\/\",\"name\":\"Conditions G\u00e9n\u00e9rales - North Seafood\",\"isPartOf\":{\"@id\":\"https:\/\/northseafood.com\/fr\/#website\"},\"datePublished\":\"2024-11-06T14:42:12+00:00\",\"dateModified\":\"2025-05-16T06:59:46+00:00\",\"breadcrumb\":{\"@id\":\"https:\/\/northseafood.com\/fr\/conditions-generales\/#breadcrumb\"},\"inLanguage\":\"fr-FR\",\"potentialAction\":[{\"@type\":\"ReadAction\",\"target\":[\"https:\/\/northseafood.com\/fr\/conditions-generales\/\"]}]},{\"@type\":\"BreadcrumbList\",\"@id\":\"https:\/\/northseafood.com\/fr\/conditions-generales\/#breadcrumb\",\"itemListElement\":[{\"@type\":\"ListItem\",\"position\":1,\"name\":\"Home\",\"item\":\"https:\/\/northseafood.com\/fr\/\"},{\"@type\":\"ListItem\",\"position\":2,\"name\":\"Conditions G\u00e9n\u00e9rales\"}]},{\"@type\":\"WebSite\",\"@id\":\"https:\/\/northseafood.com\/fr\/#website\",\"url\":\"https:\/\/northseafood.com\/fr\/\",\"name\":\"North Seafood\",\"description\":\"\",\"publisher\":{\"@id\":\"https:\/\/northseafood.com\/fr\/#organization\"},\"potentialAction\":[{\"@type\":\"SearchAction\",\"target\":{\"@type\":\"EntryPoint\",\"urlTemplate\":\"https:\/\/northseafood.com\/fr\/?s={search_term_string}\"},\"query-input\":{\"@type\":\"PropertyValueSpecification\",\"valueRequired\":true,\"valueName\":\"search_term_string\"}}],\"inLanguage\":\"fr-FR\"},{\"@type\":\"Organization\",\"@id\":\"https:\/\/northseafood.com\/fr\/#organization\",\"name\":\"North Seafood\",\"url\":\"https:\/\/northseafood.com\/fr\/\",\"logo\":{\"@type\":\"ImageObject\",\"inLanguage\":\"fr-FR\",\"@id\":\"https:\/\/northseafood.com\/fr\/#\/schema\/logo\/image\/\",\"url\":\"https:\/\/northseafood.com\/wp-content\/uploads\/2025\/06\/NorthSeafood_Logo-e1749799422443-1024x541.bmp\",\"contentUrl\":\"https:\/\/northseafood.com\/wp-content\/uploads\/2025\/06\/NorthSeafood_Logo-e1749799422443-1024x541.bmp\",\"width\":1024,\"height\":541,\"caption\":\"North Seafood\"},\"image\":{\"@id\":\"https:\/\/northseafood.com\/fr\/#\/schema\/logo\/image\/\"}}]}<\/script>\n<!-- \/ Yoast SEO plugin. -->","yoast_head_json":{"title":"Conditions G\u00e9n\u00e9rales - North Seafood","robots":{"index":"index","follow":"follow","max-snippet":"max-snippet:-1","max-image-preview":"max-image-preview:large","max-video-preview":"max-video-preview:-1"},"canonical":"https:\/\/northseafood.com\/fr\/conditions-generales\/","og_locale":"fr_FR","og_type":"article","og_title":"Conditions G\u00e9n\u00e9rales - North Seafood","og_description":"CONDITIONS G\u00c9N\u00c9RALES texte","og_url":"https:\/\/northseafood.com\/fr\/conditions-generales\/","og_site_name":"North Seafood","article_modified_time":"2025-05-16T06:59:46+00:00","twitter_card":"summary_large_image","schema":{"@context":"https:\/\/schema.org","@graph":[{"@type":"WebPage","@id":"https:\/\/northseafood.com\/fr\/conditions-generales\/","url":"https:\/\/northseafood.com\/fr\/conditions-generales\/","name":"Conditions G\u00e9n\u00e9rales - North Seafood","isPartOf":{"@id":"https:\/\/northseafood.com\/fr\/#website"},"datePublished":"2024-11-06T14:42:12+00:00","dateModified":"2025-05-16T06:59:46+00:00","breadcrumb":{"@id":"https:\/\/northseafood.com\/fr\/conditions-generales\/#breadcrumb"},"inLanguage":"fr-FR","potentialAction":[{"@type":"ReadAction","target":["https:\/\/northseafood.com\/fr\/conditions-generales\/"]}]},{"@type":"BreadcrumbList","@id":"https:\/\/northseafood.com\/fr\/conditions-generales\/#breadcrumb","itemListElement":[{"@type":"ListItem","position":1,"name":"Home","item":"https:\/\/northseafood.com\/fr\/"},{"@type":"ListItem","position":2,"name":"Conditions G\u00e9n\u00e9rales"}]},{"@type":"WebSite","@id":"https:\/\/northseafood.com\/fr\/#website","url":"https:\/\/northseafood.com\/fr\/","name":"North Seafood","description":"","publisher":{"@id":"https:\/\/northseafood.com\/fr\/#organization"},"potentialAction":[{"@type":"SearchAction","target":{"@type":"EntryPoint","urlTemplate":"https:\/\/northseafood.com\/fr\/?s={search_term_string}"},"query-input":{"@type":"PropertyValueSpecification","valueRequired":true,"valueName":"search_term_string"}}],"inLanguage":"fr-FR"},{"@type":"Organization","@id":"https:\/\/northseafood.com\/fr\/#organization","name":"North Seafood","url":"https:\/\/northseafood.com\/fr\/","logo":{"@type":"ImageObject","inLanguage":"fr-FR","@id":"https:\/\/northseafood.com\/fr\/#\/schema\/logo\/image\/","url":"https:\/\/northseafood.com\/wp-content\/uploads\/2025\/06\/NorthSeafood_Logo-e1749799422443-1024x541.bmp","contentUrl":"https:\/\/northseafood.com\/wp-content\/uploads\/2025\/06\/NorthSeafood_Logo-e1749799422443-1024x541.bmp","width":1024,"height":541,"caption":"North Seafood"},"image":{"@id":"https:\/\/northseafood.com\/fr\/#\/schema\/logo\/image\/"}}]}},"_links":{"self":[{"href":"https:\/\/northseafood.com\/fr\/wp-json\/wp\/v2\/pages\/3487","targetHints":{"allow":["GET"]}}],"collection":[{"href":"https:\/\/northseafood.com\/fr\/wp-json\/wp\/v2\/pages"}],"about":[{"href":"https:\/\/northseafood.com\/fr\/wp-json\/wp\/v2\/types\/page"}],"author":[{"embeddable":true,"href":"https:\/\/northseafood.com\/fr\/wp-json\/wp\/v2\/users\/1"}],"replies":[{"embeddable":true,"href":"https:\/\/northseafood.com\/fr\/wp-json\/wp\/v2\/comments?post=3487"}],"version-history":[{"count":2,"href":"https:\/\/northseafood.com\/fr\/wp-json\/wp\/v2\/pages\/3487\/revisions"}],"predecessor-version":[{"id":3843,"href":"https:\/\/northseafood.com\/fr\/wp-json\/wp\/v2\/pages\/3487\/revisions\/3843"}],"wp:attachment":[{"href":"https:\/\/northseafood.com\/fr\/wp-json\/wp\/v2\/media?parent=3487"}],"curies":[{"name":"wp","href":"https:\/\/api.w.org\/{rel}","templated":true}]}}